{"id":1969,"date":"2023-04-12T14:14:27","date_gmt":"2023-04-12T14:14:27","guid":{"rendered":"https:\/\/urban-connect.stillnot.live\/services\/"},"modified":"2024-10-22T13:47:18","modified_gmt":"2024-10-22T13:47:18","slug":"leistungen","status":"publish","type":"page","link":"https:\/\/urban-connect.com\/de\/leistungen\/","title":{"rendered":"Leistungen"},"content":{"rendered":"","protected":false},"excerpt":{"rendered":"","protected":false},"author":1,"featured_media":0,"parent":0,"menu_order":0,"comment_status":"closed","ping_status":"closed","template":"template-services.php","meta":{"_acf_changed":false,"content-type":"","inline_featured_image":false,"footnotes":""},"class_list":["post-1969","page","type-page","status-publish","hentry"],"acf":[],"yoast_head":"<!-- This site is optimized with the Yoast SEO plugin v23.2 - https:\/\/yoast.com\/wordpress\/plugins\/seo\/ -->\n<title>Leistungen f\u00fcr all Ihre Mobilit\u00e4tsbed\u00fcrfnisse - Urban Connect<\/title>\n<meta name=\"description\" content=\"Wir bieten Mobilit\u00e4t-as-a-Service in einer App. Darunter L\u00f6sungen wie Mobilit\u00e4tsbudget, Carsharing und Flotten- und Parkplatzoptimierung.\" \/>\n<meta name=\"robots\" content=\"index, follow, max-snippet:-1, max-image-preview:large, max-video-preview:-1\" \/>\n<link rel=\"canonical\" href=\"https:\/\/urban-connect.com\/de\/leistungen\/\" \/>\n<meta property=\"og:locale\" content=\"de_DE\" \/>\n<meta property=\"og:type\" content=\"article\" \/>\n<meta property=\"og:title\" content=\"Leistungen f\u00fcr all Ihre Mobilit\u00e4tsbed\u00fcrfnisse - Urban Connect\" \/>\n<meta property=\"og:description\" content=\"Wir bieten Mobilit\u00e4t-as-a-Service in einer App. Darunter L\u00f6sungen wie Mobilit\u00e4tsbudget, Carsharing und Flotten- und Parkplatzoptimierung.\" \/>\n<meta property=\"og:url\" content=\"https:\/\/urban-connect.com\/de\/leistungen\/\" \/>\n<meta property=\"og:site_name\" content=\"Urban Connect\" \/>\n<meta property=\"article:modified_time\" content=\"2024-10-22T13:47:18+00:00\" \/>\n<meta name=\"twitter:card\" content=\"summary_large_image\" \/>\n<script type=\"application\/ld+json\" class=\"yoast-schema-graph\">{\"@context\":\"https:\/\/schema.org\",\"@graph\":[{\"@type\":\"WebPage\",\"@id\":\"https:\/\/urban-connect.com\/de\/leistungen\/\",\"url\":\"https:\/\/urban-connect.com\/de\/leistungen\/\",\"name\":\"Leistungen f\u00fcr all Ihre Mobilit\u00e4tsbed\u00fcrfnisse - Urban Connect\",\"isPartOf\":{\"@id\":\"https:\/\/urban-connect.com\/de\/#website\"},\"datePublished\":\"2023-04-12T14:14:27+00:00\",\"dateModified\":\"2024-10-22T13:47:18+00:00\",\"description\":\"Wir bieten Mobilit\u00e4t-as-a-Service in einer App. Darunter L\u00f6sungen wie Mobilit\u00e4tsbudget, Carsharing und Flotten- und Parkplatzoptimierung.\",\"breadcrumb\":{\"@id\":\"https:\/\/urban-connect.com\/de\/leistungen\/#breadcrumb\"},\"inLanguage\":\"de\",\"potentialAction\":[{\"@type\":\"ReadAction\",\"target\":[\"https:\/\/urban-connect.com\/de\/leistungen\/\"]}]},{\"@type\":\"BreadcrumbList\",\"@id\":\"https:\/\/urban-connect.com\/de\/leistungen\/#breadcrumb\",\"itemListElement\":[{\"@type\":\"ListItem\",\"position\":1,\"name\":\"Home\",\"item\":\"https:\/\/urban-connect.com\/de\/\"},{\"@type\":\"ListItem\",\"position\":2,\"name\":\"Leistungen\"}]},{\"@type\":\"WebSite\",\"@id\":\"https:\/\/urban-connect.com\/de\/#website\",\"url\":\"https:\/\/urban-connect.com\/de\/\",\"name\":\"Urban Connect\",\"description\":\"\",\"potentialAction\":[{\"@type\":\"SearchAction\",\"target\":{\"@type\":\"EntryPoint\",\"urlTemplate\":\"https:\/\/urban-connect.com\/de\/?s={search_term_string}\"},\"query-input\":\"required name=search_term_string\"}],\"inLanguage\":\"de\"}]}<\/script>\n<!-- \/ Yoast SEO plugin. -->","yoast_head_json":{"title":"Leistungen f\u00fcr all Ihre Mobilit\u00e4tsbed\u00fcrfnisse - Urban Connect","description":"Wir bieten Mobilit\u00e4t-as-a-Service in einer App. Darunter L\u00f6sungen wie Mobilit\u00e4tsbudget, Carsharing und Flotten- und Parkplatzoptimierung.","robots":{"index":"index","follow":"follow","max-snippet":"max-snippet:-1","max-image-preview":"max-image-preview:large","max-video-preview":"max-video-preview:-1"},"canonical":"https:\/\/urban-connect.com\/de\/leistungen\/","og_locale":"de_DE","og_type":"article","og_title":"Leistungen f\u00fcr all Ihre Mobilit\u00e4tsbed\u00fcrfnisse - Urban Connect","og_description":"Wir bieten Mobilit\u00e4t-as-a-Service in einer App. Darunter L\u00f6sungen wie Mobilit\u00e4tsbudget, Carsharing und Flotten- und Parkplatzoptimierung.","og_url":"https:\/\/urban-connect.com\/de\/leistungen\/","og_site_name":"Urban Connect","article_modified_time":"2024-10-22T13:47:18+00:00","twitter_card":"summary_large_image","schema":{"@context":"https:\/\/schema.org","@graph":[{"@type":"WebPage","@id":"https:\/\/urban-connect.com\/de\/leistungen\/","url":"https:\/\/urban-connect.com\/de\/leistungen\/","name":"Leistungen f\u00fcr all Ihre Mobilit\u00e4tsbed\u00fcrfnisse - Urban Connect","isPartOf":{"@id":"https:\/\/urban-connect.com\/de\/#website"},"datePublished":"2023-04-12T14:14:27+00:00","dateModified":"2024-10-22T13:47:18+00:00","description":"Wir bieten Mobilit\u00e4t-as-a-Service in einer App. Darunter L\u00f6sungen wie Mobilit\u00e4tsbudget, Carsharing und Flotten- und Parkplatzoptimierung.","breadcrumb":{"@id":"https:\/\/urban-connect.com\/de\/leistungen\/#breadcrumb"},"inLanguage":"de","potentialAction":[{"@type":"ReadAction","target":["https:\/\/urban-connect.com\/de\/leistungen\/"]}]},{"@type":"BreadcrumbList","@id":"https:\/\/urban-connect.com\/de\/leistungen\/#breadcrumb","itemListElement":[{"@type":"ListItem","position":1,"name":"Home","item":"https:\/\/urban-connect.com\/de\/"},{"@type":"ListItem","position":2,"name":"Leistungen"}]},{"@type":"WebSite","@id":"https:\/\/urban-connect.com\/de\/#website","url":"https:\/\/urban-connect.com\/de\/","name":"Urban Connect","description":"","potentialAction":[{"@type":"SearchAction","target":{"@type":"EntryPoint","urlTemplate":"https:\/\/urban-connect.com\/de\/?s={search_term_string}"},"query-input":"required name=search_term_string"}],"inLanguage":"de"}]}},"_links":{"self":[{"href":"https:\/\/urban-connect.com\/de\/wp-json\/wp\/v2\/pages\/1969","targetHints":{"allow":["GET"]}}],"collection":[{"href":"https:\/\/urban-connect.com\/de\/wp-json\/wp\/v2\/pages"}],"about":[{"href":"https:\/\/urban-connect.com\/de\/wp-json\/wp\/v2\/types\/page"}],"author":[{"embeddable":true,"href":"https:\/\/urban-connect.com\/de\/wp-json\/wp\/v2\/users\/1"}],"replies":[{"embeddable":true,"href":"https:\/\/urban-connect.com\/de\/wp-json\/wp\/v2\/comments?post=1969"}],"version-history":[{"count":36,"href":"https:\/\/urban-connect.com\/de\/wp-json\/wp\/v2\/pages\/1969\/revisions"}],"predecessor-version":[{"id":6802,"href":"https:\/\/urban-connect.com\/de\/wp-json\/wp\/v2\/pages\/1969\/revisions\/6802"}],"wp:attachment":[{"href":"https:\/\/urban-connect.com\/de\/wp-json\/wp\/v2\/media?parent=1969"}],"curies":[{"name":"wp","href":"https:\/\/api.w.org\/{rel}","templated":true}]}}